{"id":106,"date":"2020-09-30T16:40:13","date_gmt":"2020-09-30T16:40:13","guid":{"rendered":"http:\/\/xn--schule-schtzt-schpfung-bic0l.de\/?page_id=106"},"modified":"2020-09-30T16:42:34","modified_gmt":"2020-09-30T16:42:34","slug":"ueber-uns","status":"publish","type":"page","link":"http:\/\/xn--schule-schtzt-schpfung-bic0l.de\/?page_id=106","title":{"rendered":"\u00dcber uns"},"content":{"rendered":"\n<p>Unser katholisches M\u00e4dchengymnasium in J\u00fclich (MGJ) hat schon seit Jahrzehnten das Motto \u201ePrima Klima\u201c, wobei die Mehrdeutigkeit dieses Slogans aber erst in den letzten Jahren in den Fokus ger\u00fcckt ist.<\/p>\n\n\n\n<p>Ging es uns zun\u00e4chst vor allem um das besondere Klima einer M\u00e4dchenschule, so wurde diese Perspektive schon 2011 durch den Einsatz von \u00d6koguards in allen Klassen erweitert. Sie informieren ihre Mitsch\u00fclerinnen \u00fcber den Umweltschutz betreffende Themen, \u00fcber vom Aussterben bedrohte Tiere \u00fcber nachhaltigen Konsum u.\u00e4., kontrollieren aber auch, ob die Klassen sich umweltgerecht verhalten und z.B. das Licht ausschalten, wenn sie den Raum verlassen.<\/p>\n\n\n\n<p>Auch die Inbetriebnahme einer Solaranlage auf unserem Schuldach im Jahr 2012 hat dem Motto \u201ePrima Klima\u201c eine weitere Dimension hinzugef\u00fcgt. Es folgte die Erneuerung der Fenster, die ein Sto\u00dfl\u00fcften nun besser m\u00f6glich machen und durch Mehrfachverglasung die D\u00e4mmung verbessern. Die schuleigene Cafeteria bzw. die Sch\u00fclerfirma \u201eEssbar\u201c bem\u00fchen sich, auf Einweggeschirr und Fertiggerichte zu verzichten und haben ein Mehrwegsystem eingef\u00fchrt.<\/p>\n\n\n\n<p>Zunehmend pr\u00e4gen Themen wie Nachhaltigkeit, Umweltschutz und \u00d6kologie aber auch den Unterricht sowie Projekte in vielen F\u00e4chern.<\/p>\n\n\n\n<p>Immer wieder kommt es zu tollen, informativen und kreativen Ergebnissen, die wir hier in unserem Blog ver\u00f6ffentlichen m\u00f6chten. Dort finden Sie auch mehr Infos zu den \u00d6koguards, zu den Sanierungsma\u00dfnahmen und den umweltgerechten Ideen der Essbar.<\/p>\n","protected":false},"excerpt":{"rendered":"<p>Unser katholisches M\u00e4dchengymnasium in J\u00fclich (MGJ) hat schon seit Jahrzehnten das Motto \u201ePrima Klima\u201c, wobei die Mehrdeutigkeit dieses Slogans aber erst in den letzten Jahren in den Fokus ger\u00fcckt ist. Ging es uns zun\u00e4chst vor allem um das besondere Klima einer M\u00e4dchenschule, so wurde diese Perspektive schon 2011 durch den Einsatz von \u00d6koguards in allen [&hellip;]<\/p>\n","protected":false},"author":1,"featured_media":0,"parent":0,"menu_order":0,"comment_status":"closed","ping_status":"closed","template":"","meta":{"footnotes":""},"class_list":["post-106","page","type-page","status-publish","hentry"],"_links":{"self":[{"href":"http:\/\/xn--schule-schtzt-schpfung-bic0l.de\/index.php?rest_route=\/wp\/v2\/pages\/106","targetHints":{"allow":["GET"]}}],"collection":[{"href":"http:\/\/xn--schule-schtzt-schpfung-bic0l.de\/index.php?rest_route=\/wp\/v2\/pages"}],"about":[{"href":"http:\/\/xn--schule-schtzt-schpfung-bic0l.de\/index.php?rest_route=\/wp\/v2\/types\/page"}],"author":[{"embeddable":true,"href":"http:\/\/xn--schule-schtzt-schpfung-bic0l.de\/index.php?rest_route=\/wp\/v2\/users\/1"}],"replies":[{"embeddable":true,"href":"http:\/\/xn--schule-schtzt-schpfung-bic0l.de\/index.php?rest_route=%2Fwp%2Fv2%2Fcomments&post=106"}],"version-history":[{"count":2,"href":"http:\/\/xn--schule-schtzt-schpfung-bic0l.de\/index.php?rest_route=\/wp\/v2\/pages\/106\/revisions"}],"predecessor-version":[{"id":115,"href":"http:\/\/xn--schule-schtzt-schpfung-bic0l.de\/index.php?rest_route=\/wp\/v2\/pages\/106\/revisions\/115"}],"wp:attachment":[{"href":"http:\/\/xn--schule-schtzt-schpfung-bic0l.de\/index.php?rest_route=%2Fwp%2Fv2%2Fmedia&parent=106"}],"curies":[{"name":"wp","href":"https:\/\/api.w.org\/{rel}","templated":true}]}}